{"id":70,"date":"2025-01-05T14:46:27","date_gmt":"2025-01-05T13:46:27","guid":{"rendered":"https:\/\/www.aix24.com\/?page_id=70"},"modified":"2025-10-17T13:58:15","modified_gmt":"2025-10-17T11:58:15","slug":"agb","status":"publish","type":"page","link":"https:\/\/www.aix24.com\/?page_id=70","title":{"rendered":"Allgemeine Gesch\u00e4fts- bedingung"},"content":{"rendered":"\n<p><\/p>\n\n\n\n<p><\/p>\n\n\n\n<div class=\"wp-block-group alignfull has-accent-4-background-color has-background is-vertical is-content-justification-center is-nowrap is-layout-flex wp-container-core-group-is-layout-2215816d wp-block-group-is-layout-flex\" style=\"min-height:100vh;margin-top:0;margin-bottom:0;padding-top:var(--wp--preset--spacing--50);padding-right:var(--wp--preset--spacing--50);padding-bottom:var(--wp--preset--spacing--50);padding-left:var(--wp--preset--spacing--50)\">\n<div class=\"wp-block-columns alignwide are-vertically-aligned-center is-layout-flex wp-container-core-columns-is-layout-47c06fe3 wp-block-columns-is-layout-flex\">\n<div class=\"wp-block-column is-vertically-aligned-center is-layout-flow wp-block-column-is-layout-flow\" style=\"flex-basis:40%\">\n<div class=\"wp-block-group is-layout-flow wp-container-core-group-is-layout-8f7ed23f wp-block-group-is-layout-flow\" style=\"min-height:100%;margin-top:0;margin-bottom:0;padding-right:0;padding-left:0\">\n<h1 class=\"wp-block-heading has-text-align-right\" style=\"margin-right:0;margin-left:calc( var(--wp--preset--spacing--20) * -1);font-size:clamp(5.174rem, 5.174rem + ((1vw - 0.2rem) * 11.377), 12rem);line-height:1;writing-mode:vertical-rl\">AGB<\/h1>\n\n\n\n<div class=\"wp-block-group has-global-padding is-content-justification-left is-layout-constrained wp-container-core-group-is-layout-0207514c wp-block-group-is-layout-constrained\" style=\"padding-right:0;padding-left:0\">\n<p class=\"wp-container-content-0733e5d0\"><strong>Allgemeine Gesch\u00e4ftsbedingungen von AIx24.com<\/strong><\/p>\n\n\n\n<p><strong>\u00a7 1 Geltungsbereich<\/strong><\/p>\n\n\n\n<p>Diese Allgemeinen Gesch\u00e4ftsbedingungen (nachfolgend &#8222;AGB&#8220; genannt) gelten f\u00fcr alle Vertr\u00e4ge, die zwischen AIX24 (nachfolgend &#8222;Verk\u00e4ufer&#8220; genannt) und dem Kunden (nachfolgend &#8222;K\u00e4ufer&#8220; genannt) \u00fcber den Online-Shop AIX24.com abgeschlossen werden.<\/p>\n\n\n\n<p><strong>\u00a7 2 Vertragsschluss<\/strong><\/p>\n\n\n\n<p>Der Vertrag zwischen dem Verk\u00e4ufer und dem K\u00e4ufer kommt zustande, wenn der K\u00e4ufer ein Angebot \u00fcber den Online-Shop annimmt. Der Verk\u00e4ufer best\u00e4tigt den Eingang der Bestellung durch eine automatische Best\u00e4tigungs-E-Mail. Diese Best\u00e4tigung stellt noch keine Annahme des Angebots dar.<\/p>\n\n\n\n<p><strong>\u00a7 3 Preise und Zahlungsbedingungen<\/strong><\/p>\n\n\n\n<p>Alle Preise sind in Euro angegeben und enthalten die gesetzliche Umsatzsteuer. Der K\u00e4ufer kann zwischen verschiedenen Zahlungsmethoden w\u00e4hlen, die auf der Website des Verk\u00e4ufers angegeben sind. Die Zahlung ist sofort f\u00e4llig.<\/p>\n\n\n\n<p><strong>\u00a7 4 Lieferung und Versand<\/strong><\/p>\n\n\n\n<p>Der Verk\u00e4ufer liefert die Ware innerhalb von 3-5 Tagen nach Erhalt der Zahlung. Die Lieferung erfolgt durch DHL. Die Versandkosten werden dem K\u00e4ufer vor Abgabe der Bestellung bekannt gegeben.<\/p>\n\n\n\n<p><strong>\u00a7 5 Widerrufsrecht<\/strong><\/p>\n\n\n\n<p>Der K\u00e4ufer hat das Recht, den Vertrag innerhalb von 14 Tagen ohne Angabe von Gr\u00fcnden zu widerrufen. Die Frist beginnt mit dem Tag, an dem der K\u00e4ufer oder ein von ihm benannter Dritter, der nicht Bef\u00f6rderer ist, die Waren in Besitz genommen hat.<\/p>\n\n\n\n<p><strong>\u00a7 6 Gew\u00e4hrleistung und Haftung<\/strong><\/p>\n\n\n\n<p>Der Verk\u00e4ufer haftet f\u00fcr M\u00e4ngel der Ware nach den gesetzlichen Vorschriften. Die Gew\u00e4hrleistungsfrist betr\u00e4gt zwei Jahre ab Lieferung der Ware.<\/p>\n\n\n\n<p><strong>\u00a7 7 Datenschutz<\/strong><\/p>\n\n\n\n<p>Der Verk\u00e4ufer erhebt, verarbeitet und nutzt personenbezogene Daten des K\u00e4ufers unter Beachtung der gesetzlichen Vorschriften. Die Datenschutzerkl\u00e4rung des Verk\u00e4ufers ist auf der Website einsehbar.<\/p>\n\n\n\n<p><strong>\u00a7 8 Schlussbestimmungen<\/strong><\/p>\n\n\n\n<p>Diese AGB treten am Tag der Ver\u00f6ffentlichung in Kraft. Der Verk\u00e4ufer beh\u00e4lt sich vor, diese AGB jederzeit zu \u00e4ndern. Die ge\u00e4nderten AGB werden auf der Website des Verk\u00e4ufers ver\u00f6ffentlicht.<\/p>\n\n\n\n<p><br><strong>Impressum<\/strong><\/p>\n\n\n\n<p class=\"wp-container-content-0733e5d0\"><strong>AIx24.com<\/strong><br>ABC-Str. 3<br>44787 Bochum                            Germany <\/p>\n\n\n\n<p class=\"wp-container-content-0733e5d0\">Kundenservice Tel.: 015566-246704 Bestellung:       Tel.: 015566-246703<br>E-Mail: Kundenservice@aix24.com        E-Mail:        Bestellung@aix24.com <\/p>\n\n\n\n<div class=\"wp-block-buttons is-layout-flex wp-block-buttons-is-layout-flex\"><\/div>\n<\/div>\n<\/div>\n<\/div>\n\n\n\n<div class=\"wp-block-column is-vertically-aligned-top is-layout-flow wp-block-column-is-layout-flow\" style=\"flex-basis:60%\">\n<figure class=\"wp-block-image size-large is-style-rounded is-style-rounded--1\"><img loading=\"lazy\" decoding=\"async\" width=\"1024\" height=\"1024\" src=\"https:\/\/www.aix24.com\/wp-content\/uploads\/2025\/09\/paragraph-684508_1280-1024x1024.png\" alt=\"\" class=\"wp-image-105\" style=\"aspect-ratio:3\/4;object-fit:cover\" srcset=\"https:\/\/www.aix24.com\/wp-content\/uploads\/2025\/09\/paragraph-684508_1280-1024x1024.png 1024w, https:\/\/www.aix24.com\/wp-content\/uploads\/2025\/09\/paragraph-684508_1280-300x300.png 300w, https:\/\/www.aix24.com\/wp-content\/uploads\/2025\/09\/paragraph-684508_1280-100x100.png 100w, https:\/\/www.aix24.com\/wp-content\/uploads\/2025\/09\/paragraph-684508_1280-600x600.png 600w, https:\/\/www.aix24.com\/wp-content\/uploads\/2025\/09\/paragraph-684508_1280-150x150.png 150w, https:\/\/www.aix24.com\/wp-content\/uploads\/2025\/09\/paragraph-684508_1280-768x768.png 768w, https:\/\/www.aix24.com\/wp-content\/uploads\/2025\/09\/paragraph-684508_1280.png 1280w\" sizes=\"auto, (max-width: 1024px) 100vw, 1024px\" \/><\/figure>\n<\/div>\n<\/div>\n<\/div>\n\n\n\n<p><\/p>\n","protected":false},"excerpt":{"rendered":"<p>AGB Allgemeine Gesch\u00e4ftsbedingungen von AIx24.com \u00a7 1 Geltungsbereich Diese Allgemeinen Gesch\u00e4ftsbedingungen (nachfolgend &#8222;AGB&#8220; genannt) gelten f\u00fcr alle Vertr\u00e4ge, die zwischen AIX24 (nachfolgend &#8222;Verk\u00e4ufer&#8220; genannt) und dem Kunden (nachfolgend &#8222;K\u00e4ufer&#8220; genannt) \u00fcber den Online-Shop AIX24.com abgeschlossen werden. \u00a7 2 Vertragsschluss Der Vertrag zwischen dem Verk\u00e4ufer und dem K\u00e4ufer kommt zustande, wenn der K\u00e4ufer ein Angebot \u00fcber [&hellip;]<\/p>\n","protected":false},"author":1,"featured_media":0,"parent":0,"menu_order":0,"comment_status":"closed","ping_status":"closed","template":"","meta":{"footnotes":""},"class_list":["post-70","page","type-page","status-publish","hentry"],"jetpack_sharing_enabled":true,"_links":{"self":[{"href":"https:\/\/www.aix24.com\/index.php?rest_route=\/wp\/v2\/pages\/70","targetHints":{"allow":["GET"]}}],"collection":[{"href":"https:\/\/www.aix24.com\/index.php?rest_route=\/wp\/v2\/pages"}],"about":[{"href":"https:\/\/www.aix24.com\/index.php?rest_route=\/wp\/v2\/types\/page"}],"author":[{"embeddable":true,"href":"https:\/\/www.aix24.com\/index.php?rest_route=\/wp\/v2\/users\/1"}],"replies":[{"embeddable":true,"href":"https:\/\/www.aix24.com\/index.php?rest_route=%2Fwp%2Fv2%2Fcomments&post=70"}],"version-history":[{"count":8,"href":"https:\/\/www.aix24.com\/index.php?rest_route=\/wp\/v2\/pages\/70\/revisions"}],"predecessor-version":[{"id":320,"href":"https:\/\/www.aix24.com\/index.php?rest_route=\/wp\/v2\/pages\/70\/revisions\/320"}],"wp:attachment":[{"href":"https:\/\/www.aix24.com\/index.php?rest_route=%2Fwp%2Fv2%2Fmedia&parent=70"}],"curies":[{"name":"wp","href":"https:\/\/api.w.org\/{rel}","templated":true}]}}