{"id":281,"date":"2025-10-13T16:59:32","date_gmt":"2025-10-13T14:59:32","guid":{"rendered":"https:\/\/www.aix24.com\/?post_type=product&#038;p=281"},"modified":"2025-10-16T16:04:54","modified_gmt":"2025-10-16T14:04:54","slug":"nuhun-ankara-makarnasi-kuskus","status":"publish","type":"product","link":"https:\/\/www.aix24.com\/?product=nuhun-ankara-makarnasi-kuskus","title":{"rendered":"Nuh&#8217;un Ankara Makarnas\u0131 kuskus"},"content":{"rendered":"<p><b>Entdecke die kleine Sensation f\u00fcr deine K\u00fcche!<\/b><\/p>\n<p>Mit <b>Nuh&#8217;un Ankara Makarnas\u0131<\/b> holst du dir ein vielseitiges Grundnahrungsmittel in Premium-Qualit\u00e4t direkt nach Hause. Diese traditionelle, kleine t\u00fcrkische Pasta \u00fcberzeugt mit ihrer <b>kurzen Kochzeit von nur 12\u201314 Minuten<\/b> und ihrer F\u00e4higkeit, Saucen und Aromen perfekt aufzunehmen.<\/p>\n<p>Egal ob als schnelle <b>Beilage<\/b> zu Fleisch und Gem\u00fcse, als Basis f\u00fcr einen <b>frischen Salat<\/b> oder als s\u00e4ttigende <b>Suppeneinlage<\/b> \u2013 <b>Makarnas\u0131<\/b> ist kinderleicht zuzubereiten und bringt Abwechslung auf den Tisch.<\/p>\n<p><b>Qualit\u00e4t, die man schmeckt:<\/b> Aus feinstem Durum-Hartweizengrie\u00df. <b>Vielseitigkeit, die inspiriert:<\/b> Ein Must-have f\u00fcr eine moderne, kreative K\u00fcche. <b>Probier es jetzt und mach deine Mahlzeiten zu einem Erlebnis!<\/b><\/p>\n<p>&nbsp;<\/p>\n<h2>N\u00e4hrwerttabelle pro 100 g (ungekocht)<\/h2>\n<div class=\"horizontal-scroll-wrapper\">\n<div class=\"table-block-component\">\n<div class=\"table-block has-export-button\">\n<div class=\"table-content not-end-of-paragraph\" data-hveid=\"0\" data-ved=\"0CAAQ3ecQahgKEwjXyJCntaGQAxUAAAAAHQAAAAAQxQE\">\n<table>\n<thead>\n<tr>\n<td>N\u00e4hrwert<\/td>\n<td>Pro 100 g (ungekocht)<\/td>\n<\/tr>\n<\/thead>\n<tbody>\n<tr>\n<td><b>Brennwert<\/b><\/td>\n<td><b>1514 kJ \/ 358 kcal<\/b><\/td>\n<\/tr>\n<tr>\n<td>Fett<\/td>\n<td>1,7 g<\/td>\n<\/tr>\n<tr>\n<td><i>davon ges\u00e4ttigte Fetts\u00e4uren<\/i><\/td>\n<td><i>0,4 g<\/i><\/td>\n<\/tr>\n<tr>\n<td>Kohlenhydrate<\/td>\n<td>73,5 g<\/td>\n<\/tr>\n<tr>\n<td><i>davon Zucker<\/i><\/td>\n<td><i>2,9 g<\/i><\/td>\n<\/tr>\n<tr>\n<td>Ballaststoffe (L\u00f6sl. Faser)<\/td>\n<td>2,9 g<\/td>\n<\/tr>\n<tr>\n<td>Eiwei\u00df (Protein)<\/td>\n<td><b>10,7 g<\/b><\/td>\n<\/tr>\n<tr>\n<td>Salz<\/td>\n<td>0,004 g<\/td>\n<\/tr>\n<\/tbody>\n<\/table>\n<\/div>\n<\/div>\n<\/div>\n<\/div>\n","protected":false},"excerpt":{"rendered":"<p>Diese traditionelle, kleink\u00f6rnige t\u00fcrkische Pasta aus feinstem Durum-Hartweizengrie\u00df ist ein vielseitiges Grundnahrungsmittel, das schnell zubereitet ist und Saucen optimal aufnimmt.<\/p>\n","protected":false},"featured_media":236,"comment_status":"open","ping_status":"closed","template":"","meta":[],"product_brand":[],"product_cat":[38],"product_tag":[104,99,97,96,94,93,105,100,98,106,101,102,95,103],"class_list":{"0":"post-281","1":"product","2":"type-product","3":"status-publish","4":"has-post-thumbnail","6":"product_cat-lebensmittel","7":"product_tag-12-14-minuten","8":"product_tag-beilage","9":"product_tag-durum-hartweizengriess","10":"product_tag-kuskus","11":"product_tag-makarnasi","12":"product_tag-nuhun-ankara","13":"product_tag-premium-qualitaet","14":"product_tag-salatbasis","15":"product_tag-schnell","16":"product_tag-spezialitaet","17":"product_tag-suppeneinlage","18":"product_tag-traditionell","19":"product_tag-tuerkische-pasta","20":"product_tag-vielseitig","22":"first","23":"instock","24":"taxable","25":"shipping-taxable","26":"purchasable","27":"product-type-simple"},"jetpack_sharing_enabled":true,"_links":{"self":[{"href":"https:\/\/www.aix24.com\/index.php?rest_route=\/wp\/v2\/product\/281","targetHints":{"allow":["GET"]}}],"collection":[{"href":"https:\/\/www.aix24.com\/index.php?rest_route=\/wp\/v2\/product"}],"about":[{"href":"https:\/\/www.aix24.com\/index.php?rest_route=\/wp\/v2\/types\/product"}],"replies":[{"embeddable":true,"href":"https:\/\/www.aix24.com\/index.php?rest_route=%2Fwp%2Fv2%2Fcomments&post=281"}],"wp:featuredmedia":[{"embeddable":true,"href":"https:\/\/www.aix24.com\/index.php?rest_route=\/wp\/v2\/media\/236"}],"wp:attachment":[{"href":"https:\/\/www.aix24.com\/index.php?rest_route=%2Fwp%2Fv2%2Fmedia&parent=281"}],"wp:term":[{"taxonomy":"product_brand","embeddable":true,"href":"https:\/\/www.aix24.com\/index.php?rest_route=%2Fwp%2Fv2%2Fproduct_brand&post=281"},{"taxonomy":"product_cat","embeddable":true,"href":"https:\/\/www.aix24.com\/index.php?rest_route=%2Fwp%2Fv2%2Fproduct_cat&post=281"},{"taxonomy":"product_tag","embeddable":true,"href":"https:\/\/www.aix24.com\/index.php?rest_route=%2Fwp%2Fv2%2Fproduct_tag&post=281"}],"curies":[{"name":"wp","href":"https:\/\/api.w.org\/{rel}","templated":true}]}}