{"id":282,"date":"2025-10-13T17:10:08","date_gmt":"2025-10-13T15:10:08","guid":{"rendered":"https:\/\/www.aix24.com\/?post_type=product&#038;p=282"},"modified":"2025-11-10T14:21:58","modified_gmt":"2025-11-10T13:21:58","slug":"282","status":"publish","type":"product","link":"https:\/\/www.aix24.com\/?product=282","title":{"rendered":"\u00d6nc\u00fc Ketchup"},"content":{"rendered":"<p>Hol dir den perfekten Klassiker f\u00fcr deine K\u00fcche: <b>\u00d6nc\u00fc Ketchup<\/b>. Mit seinem vollmundigen, fruchtigen Geschmack ist dieser Ketchup die ideale Erg\u00e4nzung zu deinen Lieblingsgerichten. Er passt perfekt zu <b>Pommes<\/b>, <b>Burgern<\/b>, <b>W\u00fcrstchen<\/b> und ist ein Muss f\u00fcr jeden Grillabend. Die praktische 700g-Flasche ist leicht zu dosieren und bringt den beliebten Tomatengeschmack schnell auf den Tisch.<\/p>\n<div class=\"horizontal-scroll-wrapper\">\n<div class=\"table-block-component\">\n<div class=\"table-block has-export-button\">\n<div class=\"table-content not-end-of-paragraph\" data-hveid=\"0\" data-ved=\"0CAAQ3ecQahgKEwjXyJCntaGQAxUAAAAAHQAAAAAQ2AI\">\n<table>\n<thead>\n<tr>\n<td>N\u00e4hrwert<\/td>\n<td>Pro 100 g<\/td>\n<\/tr>\n<\/thead>\n<tbody>\n<tr>\n<td><b>Brennwert<\/b><\/td>\n<td><b>432 kJ \/ 103 kcal<\/b><\/td>\n<\/tr>\n<tr>\n<td>Fett<\/td>\n<td>0,1 g<\/td>\n<\/tr>\n<tr>\n<td><i>davon ges\u00e4ttigte Fetts\u00e4uren<\/i><\/td>\n<td><i>0 g<\/i><\/td>\n<\/tr>\n<tr>\n<td>Kohlenhydrate<\/td>\n<td>23 g<\/td>\n<\/tr>\n<tr>\n<td><i>davon Zucker<\/i><\/td>\n<td><b>20 g<\/b><\/td>\n<\/tr>\n<tr>\n<td>Ballaststoffe<\/td>\n<td>1 g<\/td>\n<\/tr>\n<tr>\n<td>Eiwei\u00df (Protein)<\/td>\n<td>1 g<\/td>\n<\/tr>\n<tr>\n<td>Salz<\/td>\n<td>3 g<\/td>\n<\/tr>\n<\/tbody>\n<\/table>\n<\/div>\n<\/div>\n<\/div>\n<\/div>\n","protected":false},"excerpt":{"rendered":"<p>Der klassische, fruchtig-s\u00fc\u00dfe Ketchup von <b>\u00d6nc\u00fc<\/b> ist der ideale Begleiter f\u00fcr Pommes, Burger und Gegrilltes und \u00fcberzeugt durch seinen vollen Tomatengeschmack.<\/p>\n","protected":false},"featured_media":244,"comment_status":"open","ping_status":"closed","template":"","meta":[],"product_brand":[],"product_cat":[38],"product_tag":[113,112,108,109,107,116,114,111,115,110],"class_list":{"0":"post-282","1":"product","2":"type-product","3":"status-publish","4":"has-post-thumbnail","6":"product_cat-lebensmittel","7":"product_tag-brennwert","8":"product_tag-fettarm","9":"product_tag-kalorienarm","10":"product_tag-kohlenhydrate","11":"product_tag-naehrwerte","12":"product_tag-naehrwerttabelle","13":"product_tag-portionsgroesse","14":"product_tag-salzgehalt","15":"product_tag-tomatenmark","16":"product_tag-zuckerreich","18":"first","19":"instock","20":"taxable","21":"shipping-taxable","22":"purchasable","23":"product-type-simple"},"jetpack_sharing_enabled":true,"_links":{"self":[{"href":"https:\/\/www.aix24.com\/index.php?rest_route=\/wp\/v2\/product\/282","targetHints":{"allow":["GET"]}}],"collection":[{"href":"https:\/\/www.aix24.com\/index.php?rest_route=\/wp\/v2\/product"}],"about":[{"href":"https:\/\/www.aix24.com\/index.php?rest_route=\/wp\/v2\/types\/product"}],"replies":[{"embeddable":true,"href":"https:\/\/www.aix24.com\/index.php?rest_route=%2Fwp%2Fv2%2Fcomments&post=282"}],"wp:featuredmedia":[{"embeddable":true,"href":"https:\/\/www.aix24.com\/index.php?rest_route=\/wp\/v2\/media\/244"}],"wp:attachment":[{"href":"https:\/\/www.aix24.com\/index.php?rest_route=%2Fwp%2Fv2%2Fmedia&parent=282"}],"wp:term":[{"taxonomy":"product_brand","embeddable":true,"href":"https:\/\/www.aix24.com\/index.php?rest_route=%2Fwp%2Fv2%2Fproduct_brand&post=282"},{"taxonomy":"product_cat","embeddable":true,"href":"https:\/\/www.aix24.com\/index.php?rest_route=%2Fwp%2Fv2%2Fproduct_cat&post=282"},{"taxonomy":"product_tag","embeddable":true,"href":"https:\/\/www.aix24.com\/index.php?rest_route=%2Fwp%2Fv2%2Fproduct_tag&post=282"}],"curies":[{"name":"wp","href":"https:\/\/api.w.org\/{rel}","templated":true}]}}