{"id":293,"date":"2025-10-16T15:27:57","date_gmt":"2025-10-16T13:27:57","guid":{"rendered":"https:\/\/www.aix24.com\/?post_type=product&#038;p=293"},"modified":"2025-11-10T14:22:16","modified_gmt":"2025-11-10T13:22:16","slug":"parkscheibe-koenigsblau","status":"publish","type":"product","link":"https:\/\/www.aix24.com\/?product=parkscheibe-koenigsblau","title":{"rendered":"Parkscheibe K\u00f6nigsblau"},"content":{"rendered":"<p>Nie wieder Strafzettel wegen fehlender Parkscheibe! Mit dieser <b>blauen Parking Disc<\/b> sind Sie stets auf der sicheren Seite. Das Format von <b><span class=\"math-inline\" data-math=\"11 times 15 , text{cm}\">$11 times 15 , text{cm}$<\/span><\/b> entspricht den g\u00e4ngigen Standards und ist leicht im Auto zu verstauen. Der einfache, gut lesbare Drehmechanismus erm\u00f6glicht das pr\u00e4zise Einstellen der Ankunftszeit. Das Produkt ist robust gefertigt und tr\u00e4gt das <b>FSC MIX<\/b>-Siegel, was auf die verantwortungsvolle Herkunft der verwendeten Papiermaterialien hinweist. Ein unverzichtbares Accessoire f\u00fcr jeden Autofahrer.<\/p>\n<div class=\"response-content ng-tns-c4085507908-71\">\n<div id=\"model-response-message-contentr_fc883c4666a843e8\" class=\"markdown markdown-main-panel stronger enable-updated-hr-color\" dir=\"ltr\">\n<h2>\u2139\ufe0f Produktinformationen &amp; Spezifikationen<\/h2>\n<p>&nbsp;<\/p>\n<div class=\"horizontal-scroll-wrapper\">\n<div class=\"table-block-component\">\n<div class=\"table-block has-export-button\">\n<div class=\"table-content not-end-of-paragraph\" data-hveid=\"0\" data-ved=\"0CAAQ3ecQahgKEwi56aqR2KiQAxUAAAAAHQAAAAAQmQQ\">\n<table>\n<thead>\n<tr>\n<td>Kategorie<\/td>\n<td>Spezifikation<\/td>\n<\/tr>\n<\/thead>\n<tbody>\n<tr>\n<td><b>Produktart<\/b><\/td>\n<td>Parkscheibe (Parking Disc)<\/td>\n<\/tr>\n<tr>\n<td><b>Farbe<\/b><\/td>\n<td>Blau<\/td>\n<\/tr>\n<tr>\n<td><b>Ma\u00dfe (Ca.-Angabe)<\/b><\/td>\n<td><span class=\"math-inline\" data-math=\"11 times 15 , text{cm}\"><span class=\"katex\"><span class=\"katex-html\" aria-hidden=\"true\"><span class=\"base\"><span class=\"mord\">11<\/span><span class=\"mbin\">\u00d7<\/span><\/span><span class=\"base\"><span class=\"mord\">15<\/span><span class=\"mord text\"><span class=\"mord\">cm<\/span><\/span><\/span><\/span><\/span><\/span><\/td>\n<\/tr>\n<tr>\n<td><b>Funktion<\/b><\/td>\n<td>Anzeige der Ankunftszeit im\u00a0<span class=\"math-inline\" data-math=\"text{24-Stunden-Format}\"><span class=\"katex\"><span class=\"katex-html\" aria-hidden=\"true\"><span class=\"base\"><span class=\"mord text\"><span class=\"mord\">24-Stunden-Format<\/span><\/span><\/span><\/span><\/span><\/span><\/td>\n<\/tr>\n<tr>\n<td><b>Material-Hinweis<\/b><\/td>\n<td>FSC MIX (Papiereinsatz)<\/td>\n<\/tr>\n<tr>\n<td><b>Besonderheit<\/b><\/td>\n<td>Robustes \u00c4u\u00dferes, leichtg\u00e4ngiger Drehmechanismus<\/td>\n<\/tr>\n<\/tbody>\n<\/table>\n<\/div>\n<\/div>\n<\/div>\n<\/div>\n<\/div>\n<\/div>\n","protected":false},"excerpt":{"rendered":"<p>Diese praktische, blaue Parkscheibe im Format dient zur korrekten Angabe der Ankunftszeit in Parkzonen und ist dank des robusten Materials langlebig und handlich.<\/p>\n","protected":false},"featured_media":263,"comment_status":"open","ping_status":"closed","template":"","meta":[],"product_brand":[],"product_cat":[118],"product_tag":[156,162,158,161,157,159,160],"class_list":{"0":"post-293","1":"product","2":"type-product","3":"status-publish","4":"has-post-thumbnail","6":"product_cat-fahrzeugteile","7":"product_tag-ankunftszeit-anzeige","8":"product_tag-fahrzeughalter","9":"product_tag-fsc-zertifiziert","10":"product_tag-gebrauchsgegenstand","11":"product_tag-kunststoffhuelle","12":"product_tag-parkausruestung","13":"product_tag-scheibe","15":"first","16":"instock","17":"taxable","18":"shipping-taxable","19":"purchasable","20":"product-type-simple"},"jetpack_sharing_enabled":true,"_links":{"self":[{"href":"https:\/\/www.aix24.com\/index.php?rest_route=\/wp\/v2\/product\/293","targetHints":{"allow":["GET"]}}],"collection":[{"href":"https:\/\/www.aix24.com\/index.php?rest_route=\/wp\/v2\/product"}],"about":[{"href":"https:\/\/www.aix24.com\/index.php?rest_route=\/wp\/v2\/types\/product"}],"replies":[{"embeddable":true,"href":"https:\/\/www.aix24.com\/index.php?rest_route=%2Fwp%2Fv2%2Fcomments&post=293"}],"wp:featuredmedia":[{"embeddable":true,"href":"https:\/\/www.aix24.com\/index.php?rest_route=\/wp\/v2\/media\/263"}],"wp:attachment":[{"href":"https:\/\/www.aix24.com\/index.php?rest_route=%2Fwp%2Fv2%2Fmedia&parent=293"}],"wp:term":[{"taxonomy":"product_brand","embeddable":true,"href":"https:\/\/www.aix24.com\/index.php?rest_route=%2Fwp%2Fv2%2Fproduct_brand&post=293"},{"taxonomy":"product_cat","embeddable":true,"href":"https:\/\/www.aix24.com\/index.php?rest_route=%2Fwp%2Fv2%2Fproduct_cat&post=293"},{"taxonomy":"product_tag","embeddable":true,"href":"https:\/\/www.aix24.com\/index.php?rest_route=%2Fwp%2Fv2%2Fproduct_tag&post=293"}],"curies":[{"name":"wp","href":"https:\/\/api.w.org\/{rel}","templated":true}]}}