{"id":297,"date":"2025-10-16T15:45:28","date_gmt":"2025-10-16T13:45:28","guid":{"rendered":"https:\/\/www.aix24.com\/?post_type=product&#038;p=297"},"modified":"2025-11-10T14:23:05","modified_gmt":"2025-11-10T13:23:05","slug":"shirtaki-noodels-konjak-nudeln","status":"publish","type":"product","link":"https:\/\/www.aix24.com\/?product=shirtaki-noodels-konjak-nudeln","title":{"rendered":"Shirtaki Noodels (konjak Nudeln)"},"content":{"rendered":"<p>&nbsp;<\/p>\n<p>Entdecken Sie die Revolution in Ihrer K\u00fcche: Shirataki Konjac Noodles! Mit nur 11kcal pro 100g sind diese Nudeln die ultimative Wahl f\u00fcr alle, die eine kohlenhydrat- und fettarme Ern\u00e4hrung verfolgen. Sie bestehen haupts\u00e4chlich aus Wasser und Konjakpulver, sind von Natur aus glutenfrei und nehmen den Geschmack von Saucen, Suppen und Gew\u00fcrzen hervorragend auf. Einfach absp\u00fclen, kurz erhitzen und genie\u00dfen Sie eine s\u00e4ttigende, schuldfreie Mahlzeit. Perfekt f\u00fcr Wok-Gerichte, Salate oder als Suppeneinlage!<\/p>\n<p>\ud83d\udcca N\u00e4hrwerttabelle pro 100 g (Abtropfgewicht)<\/p>\n<p>&nbsp;<\/p>\n<p>Kurzfassung (1 Satz):<\/p>\n<p>Mit nur 11kcal pro 100g und null Fett und Zucker sind diese Shirataki Noodles ideal f\u00fcr eine extrem kalorienbewusste und kohlenhydratarme Ern\u00e4hrung.<\/p>\n<table>\n<thead>\n<tr>\n<td><strong>N\u00e4hrwert<\/strong><\/td>\n<td><strong>Pro 100 g<\/strong><\/td>\n<\/tr>\n<\/thead>\n<tbody>\n<tr>\n<td><b>Brennwert<\/b><\/td>\n<td><b><span class=\"math-inline\" data-math=\"46 text{ kJ} \/ 11 text{ kcal}\">$46 text{ kJ} \/ 11 text{ kcal}$<\/span><\/b><\/td>\n<\/tr>\n<tr>\n<td>Fett<\/td>\n<td><span class=\"math-inline\" data-math=\"0 text{ g}\">$0 text{ g}$<\/span><\/td>\n<\/tr>\n<tr>\n<td><i>davon ges\u00e4ttigte Fetts\u00e4uren<\/i><\/td>\n<td><span class=\"math-inline\" data-math=\"0 text{ g}\">$0 text{ g}$<\/span><\/td>\n<\/tr>\n<tr>\n<td>Kohlenhydrate<\/td>\n<td><span class=\"math-inline\" data-math=\"2.0 text{ g}\">$2.0 text{ g}$<\/span><\/td>\n<\/tr>\n<tr>\n<td><i>davon Zucker<\/i><\/td>\n<td><span class=\"math-inline\" data-math=\"0 text{ g}\">$0 text{ g}$<\/span><\/td>\n<\/tr>\n<tr>\n<td>Eiwei\u00df (Protein)<\/td>\n<td><span class=\"math-inline\" data-math=\"0 text{ g}\">$0 text{ g}$<\/span><\/td>\n<\/tr>\n<tr>\n<td>Textilfasern (Ballaststoffe)<\/td>\n<td><span class=\"math-inline\" data-math=\"1.5 text{ g}\">$1.5 text{ g}$<\/span><\/td>\n<\/tr>\n<tr>\n<td>Salz<\/td>\n<td><span class=\"math-inline\" data-math=\"0 text{ g}\">$0 text{ g}$<\/span><\/td>\n<\/tr>\n<\/tbody>\n<\/table>\n<p>&nbsp;<\/p>\n","protected":false},"excerpt":{"rendered":"<p>Diese extrem kalorienarmen Shirataki Konjac Noodles, hergestellt aus Konjakpulver, sind eine vielseitige, glutenfreie und s\u00e4ttigende Nudelalternative, die perfekt f\u00fcr kalorienbewusste Gerichte geeignet ist.<\/p>\n","protected":false},"featured_media":255,"comment_status":"open","ping_status":"closed","template":"","meta":[],"product_brand":[],"product_cat":[67],"product_tag":[194,192,191,108,193,189,188,196,195,190,197,198,187,101],"class_list":{"0":"post-297","1":"product","2":"type-product","3":"status-publish","4":"has-post-thumbnail","6":"product_cat-feinkost","7":"product_tag-diaet","8":"product_tag-fettfrei","9":"product_tag-glutenfrei","10":"product_tag-kalorienarm","11":"product_tag-kohlenhydratarm","12":"product_tag-konjac-noodles","13":"product_tag-konjak-nudeln","14":"product_tag-konjakmehl","15":"product_tag-konjakpulver","16":"product_tag-low-calorie","17":"product_tag-nudelalternative","18":"product_tag-saettigungsbeilage","19":"product_tag-shirataki","20":"product_tag-suppeneinlage","22":"first","23":"instock","24":"taxable","25":"shipping-taxable","26":"purchasable","27":"product-type-simple"},"jetpack_sharing_enabled":true,"_links":{"self":[{"href":"https:\/\/www.aix24.com\/index.php?rest_route=\/wp\/v2\/product\/297","targetHints":{"allow":["GET"]}}],"collection":[{"href":"https:\/\/www.aix24.com\/index.php?rest_route=\/wp\/v2\/product"}],"about":[{"href":"https:\/\/www.aix24.com\/index.php?rest_route=\/wp\/v2\/types\/product"}],"replies":[{"embeddable":true,"href":"https:\/\/www.aix24.com\/index.php?rest_route=%2Fwp%2Fv2%2Fcomments&post=297"}],"wp:featuredmedia":[{"embeddable":true,"href":"https:\/\/www.aix24.com\/index.php?rest_route=\/wp\/v2\/media\/255"}],"wp:attachment":[{"href":"https:\/\/www.aix24.com\/index.php?rest_route=%2Fwp%2Fv2%2Fmedia&parent=297"}],"wp:term":[{"taxonomy":"product_brand","embeddable":true,"href":"https:\/\/www.aix24.com\/index.php?rest_route=%2Fwp%2Fv2%2Fproduct_brand&post=297"},{"taxonomy":"product_cat","embeddable":true,"href":"https:\/\/www.aix24.com\/index.php?rest_route=%2Fwp%2Fv2%2Fproduct_cat&post=297"},{"taxonomy":"product_tag","embeddable":true,"href":"https:\/\/www.aix24.com\/index.php?rest_route=%2Fwp%2Fv2%2Fproduct_tag&post=297"}],"curies":[{"name":"wp","href":"https:\/\/api.w.org\/{rel}","templated":true}]}}