{"id":299,"date":"2025-10-16T15:52:46","date_gmt":"2025-10-16T13:52:46","guid":{"rendered":"https:\/\/www.aix24.com\/?post_type=product&#038;p=299"},"modified":"2025-11-10T14:23:53","modified_gmt":"2025-11-10T13:23:53","slug":"tadim-ankara-gekochte-kichererbsen","status":"publish","type":"product","link":"https:\/\/www.aix24.com\/?product=tadim-ankara-gekochte-kichererbsen","title":{"rendered":"Tad\u0131m Ankara Gekochte Kichererbsen"},"content":{"rendered":"<p>Mit den <b>Tad\u0131m Ankara Gekochten Kichererbsen<\/b> haben Sie eine n\u00e4hrstoffreiche Zutat immer griffbereit. Kichererbsen sind eine hervorragende Quelle f\u00fcr pflanzliches <b>Eiwei\u00df<\/b> und <b>Ballaststoffe<\/b>, dabei fettarm und vielseitig in der Anwendung. Sie eignen sich perfekt als Basis f\u00fcr cremigen Hummus, als s\u00e4ttigende Erg\u00e4nzung in Salaten und Eint\u00f6pfen oder als Star in orientalischen Currys. Einfach die Dose \u00f6ffnen, absp\u00fclen \u2013 und schon k\u00f6nnen Sie kochen, backen oder snacken.<\/p>\n<p>&nbsp;<\/p>\n<h2>\ud83d\udcca N\u00e4hrwerttabelle pro 100 g (Abtropfgewicht)<\/h2>\n<p>Mit nur 72kcal pro 100g und einem hohen Gehalt an Eiwei\u00df (4.3g) und Ballaststoffen (4.3g) sind diese Kichererbsen ein sehr nahrhaftes Lebensmittel.<\/p>\n<table>\n<thead>\n<tr>\n<td><strong>N\u00e4hrwert<\/strong><\/td>\n<td><strong>Pro 100 g (Produkt)<\/strong><\/td>\n<\/tr>\n<\/thead>\n<tbody>\n<tr>\n<td><b>Brennwert<\/b><\/td>\n<td><b><span class=\"math-inline\" data-math=\"303 text{ kJ} \/ 72 text{ kcal}\">$303 text{ kJ} \/ 72 text{ kcal}$<\/span><\/b><\/td>\n<\/tr>\n<tr>\n<td>Fett<\/td>\n<td><span class=\"math-inline\" data-math=\"1.3 text{ g}\">$1.3 text{ g}$<\/span><\/td>\n<\/tr>\n<tr>\n<td><i>davon ges\u00e4ttigte Fetts\u00e4uren<\/i><\/td>\n<td><span class=\"math-inline\" data-math=\"0.1 text{ g}\">$0.1 text{ g}$<\/span><\/td>\n<\/tr>\n<tr>\n<td>Kohlenhydrate<\/td>\n<td><span class=\"math-inline\" data-math=\"8.6 text{ g}\">$8.6 text{ g}$<\/span><\/td>\n<\/tr>\n<tr>\n<td><i>davon Zucker<\/i><\/td>\n<td><span class=\"math-inline\" data-math=\"0.0 text{ g}\">$0.0 text{ g}$<\/span><\/td>\n<\/tr>\n<tr>\n<td>Eiwei\u00df (Protein)<\/td>\n<td><b><span class=\"math-inline\" data-math=\"4.3 text{ g}\">$4.3 text{ g}$<\/span><\/b><\/td>\n<\/tr>\n<tr>\n<td>Ballaststoffe (Fibre)<\/td>\n<td><b><span class=\"math-inline\" data-math=\"4.3 text{ g}\">$4.3 text{ g}$<\/span><\/b><\/td>\n<\/tr>\n<tr>\n<td>Salz<\/td>\n<td><span class=\"math-inline\" data-math=\"0.450 text{ g}\">$0.450 text{ g}$<\/span><\/td>\n<\/tr>\n<\/tbody>\n<\/table>\n","protected":false},"excerpt":{"rendered":"<p>Diese gekochten Kichererbsen in der Dose sind eine n\u00e4hrstoffreiche und vielseitige Basis f\u00fcr Hummus, Eint\u00f6pfe, Salate und Currys und sofort verzehrfertig.<\/p>\n","protected":false},"featured_media":265,"comment_status":"open","ping_status":"closed","template":"","meta":[],"product_brand":[],"product_cat":[15],"product_tag":[215,213,219,216,212,214,218,210,211,217,68,223,220,221,222],"class_list":{"0":"post-299","1":"product","2":"type-product","3":"status-publish","4":"has-post-thumbnail","6":"product_cat-uncategorized","7":"product_tag-ballaststoffe","8":"product_tag-dose","9":"product_tag-eintopf","10":"product_tag-eiweissquelle","11":"product_tag-gekocht","12":"product_tag-huelsenfruechte","13":"product_tag-hummus","14":"product_tag-kichererbsen","15":"product_tag-nohut","16":"product_tag-protein","17":"product_tag-salat","18":"product_tag-sofort-verzehrfertig","19":"product_tag-tadim-ankara","20":"product_tag-vegan","21":"product_tag-vegetarisch","23":"first","24":"instock","25":"taxable","26":"shipping-taxable","27":"purchasable","28":"product-type-simple"},"jetpack_sharing_enabled":true,"_links":{"self":[{"href":"https:\/\/www.aix24.com\/index.php?rest_route=\/wp\/v2\/product\/299","targetHints":{"allow":["GET"]}}],"collection":[{"href":"https:\/\/www.aix24.com\/index.php?rest_route=\/wp\/v2\/product"}],"about":[{"href":"https:\/\/www.aix24.com\/index.php?rest_route=\/wp\/v2\/types\/product"}],"replies":[{"embeddable":true,"href":"https:\/\/www.aix24.com\/index.php?rest_route=%2Fwp%2Fv2%2Fcomments&post=299"}],"wp:featuredmedia":[{"embeddable":true,"href":"https:\/\/www.aix24.com\/index.php?rest_route=\/wp\/v2\/media\/265"}],"wp:attachment":[{"href":"https:\/\/www.aix24.com\/index.php?rest_route=%2Fwp%2Fv2%2Fmedia&parent=299"}],"wp:term":[{"taxonomy":"product_brand","embeddable":true,"href":"https:\/\/www.aix24.com\/index.php?rest_route=%2Fwp%2Fv2%2Fproduct_brand&post=299"},{"taxonomy":"product_cat","embeddable":true,"href":"https:\/\/www.aix24.com\/index.php?rest_route=%2Fwp%2Fv2%2Fproduct_cat&post=299"},{"taxonomy":"product_tag","embeddable":true,"href":"https:\/\/www.aix24.com\/index.php?rest_route=%2Fwp%2Fv2%2Fproduct_tag&post=299"}],"curies":[{"name":"wp","href":"https:\/\/api.w.org\/{rel}","templated":true}]}}