{"id":300,"date":"2025-10-16T15:59:18","date_gmt":"2025-10-16T13:59:18","guid":{"rendered":"https:\/\/www.aix24.com\/?post_type=product&#038;p=300"},"modified":"2025-11-10T14:13:59","modified_gmt":"2025-11-10T13:13:59","slug":"ga-wilde-walnuss-in-der-schale","status":"publish","type":"product","link":"https:\/\/www.aix24.com\/?product=ga-wilde-walnuss-in-der-schale","title":{"rendered":"GA Wilde Walnuss in der Schale"},"content":{"rendered":"<p>Entdecken Sie den wahren Geschmack der Natur mit den <b>Wild Walnuts<\/b> von Global Agro! Gewonnen aus dem weltweit gr\u00f6\u00dften wilden Walnusswald, erhalten Sie hier ein <b>True Wild Product<\/b> in der Schale. Waln\u00fcsse sind bekannt f\u00fcr ihren hohen Gehalt an gesunden, <b>unges\u00e4ttigten Fetten<\/b>, <b>Eiwei\u00df<\/b> und essentiellen N\u00e4hrstoffen. Sie sind der perfekte, nat\u00fcrliche Snack f\u00fcr zwischendurch, eine gesunde Erg\u00e4nzung zu M\u00fcsli und Salaten oder ideal zum Backen. Ein Geschenk der Natur, direkt zu Ihnen nach Hause geliefert.<\/p>\n<h2>\ud83d\udcca N\u00e4hrwerttabelle pro 100 g (Produkt, in der Schale)<\/h2>\n<p>Diese Waln\u00fcsse sind mit 680kcal pro 100g ein sehr energiereicher Snack, der haupts\u00e4chlich aus gesunden Fetten (60g) und Proteinen (15g) besteht.<\/p>\n<table>\n<thead>\n<tr>\n<td><strong>N\u00e4hrwert<\/strong><\/td>\n<td><strong>Pro 100 g (Produkt)<\/strong><\/td>\n<\/tr>\n<\/thead>\n<tbody>\n<tr>\n<td><b>Brennwert<\/b><\/td>\n<td><b><span class=\"math-inline\" data-math=\"2848 text{ kJ} \/ 680 text{ kcal}\">$2848 text{ kJ} \/ 680 text{ kcal}$<\/span><\/b><\/td>\n<\/tr>\n<tr>\n<td>Fett<\/td>\n<td><b><span class=\"math-inline\" data-math=\"60 text{ g}\">$60 text{ g}$<\/span><\/b><\/td>\n<\/tr>\n<tr>\n<td>Kohlenhydrate<\/td>\n<td><span class=\"math-inline\" data-math=\"10 text{ g}\">$10 text{ g}$<\/span><\/td>\n<\/tr>\n<tr>\n<td>Eiwei\u00df (Protein)<\/td>\n<td><b><span class=\"math-inline\" data-math=\"15 text{ g}\">$15 text{ g}$<\/span><\/b><\/td>\n<\/tr>\n<\/tbody>\n<\/table>\n<p>&nbsp;<\/p>\n","protected":false},"excerpt":{"rendered":"<p>Diese <b>Wild Walnuts<\/b> aus dem weltweit gr\u00f6\u00dften wilden Walnusswald sind ein <b>True Wild Product<\/b> und bieten einen unverf\u00e4lschten, nussigen Geschmack, der reich an gesunden Fetten und Proteinen ist.<\/p>\n","protected":false},"featured_media":268,"comment_status":"open","ping_status":"closed","template":"","meta":[],"product_brand":[],"product_cat":[67],"product_tag":[236,233,226,230,229,228,227,231,234,232,237,235,224,225],"class_list":{"0":"post-300","1":"product","2":"type-product","3":"status-publish","4":"has-post-thumbnail","6":"product_cat-feinkost","7":"product_tag-arslanbob-angenommen","8":"product_tag-gesunde-fette","9":"product_tag-global-agro","10":"product_tag-in-der-schale","11":"product_tag-in-shell","12":"product_tag-natures-best-gift","13":"product_tag-naturprodukt","14":"product_tag-nuesse","15":"product_tag-proteinreich","16":"product_tag-snack","17":"product_tag-true-wild-product","18":"product_tag-ungesaettigte-fettsaeuren","19":"product_tag-wild-walnut","20":"product_tag-wilde-walnuss","22":"first","23":"outofstock","24":"sold-individually","25":"taxable","26":"shipping-taxable","27":"purchasable","28":"product-type-simple"},"jetpack_sharing_enabled":true,"_links":{"self":[{"href":"https:\/\/www.aix24.com\/index.php?rest_route=\/wp\/v2\/product\/300","targetHints":{"allow":["GET"]}}],"collection":[{"href":"https:\/\/www.aix24.com\/index.php?rest_route=\/wp\/v2\/product"}],"about":[{"href":"https:\/\/www.aix24.com\/index.php?rest_route=\/wp\/v2\/types\/product"}],"replies":[{"embeddable":true,"href":"https:\/\/www.aix24.com\/index.php?rest_route=%2Fwp%2Fv2%2Fcomments&post=300"}],"wp:featuredmedia":[{"embeddable":true,"href":"https:\/\/www.aix24.com\/index.php?rest_route=\/wp\/v2\/media\/268"}],"wp:attachment":[{"href":"https:\/\/www.aix24.com\/index.php?rest_route=%2Fwp%2Fv2%2Fmedia&parent=300"}],"wp:term":[{"taxonomy":"product_brand","embeddable":true,"href":"https:\/\/www.aix24.com\/index.php?rest_route=%2Fwp%2Fv2%2Fproduct_brand&post=300"},{"taxonomy":"product_cat","embeddable":true,"href":"https:\/\/www.aix24.com\/index.php?rest_route=%2Fwp%2Fv2%2Fproduct_cat&post=300"},{"taxonomy":"product_tag","embeddable":true,"href":"https:\/\/www.aix24.com\/index.php?rest_route=%2Fwp%2Fv2%2Fproduct_tag&post=300"}],"curies":[{"name":"wp","href":"https:\/\/api.w.org\/{rel}","templated":true}]}}