{"id":301,"date":"2025-10-16T16:03:20","date_gmt":"2025-10-16T14:03:20","guid":{"rendered":"https:\/\/www.aix24.com\/?post_type=product&#038;p=301"},"modified":"2026-05-05T21:45:54","modified_gmt":"2026-05-05T19:45:54","slug":"ga-geschaelte-wilde-walnuesskerne","status":"publish","type":"product","link":"https:\/\/www.aix24.com\/?product=ga-geschaelte-wilde-walnuesskerne","title":{"rendered":"GA Gesch\u00e4lte Wilde Waln\u00fcsskerne"},"content":{"rendered":"<p>Genie\u00dfen Sie den unverf\u00e4lschten Geschmack der Natur ohne den Aufwand des Sch\u00e4lens! Die <b>gesch\u00e4lten Wild Walnuts<\/b> von Global Agro bieten Ihnen denselben hohen N\u00e4hrwert und das Aroma der wildgewachsenen Waln\u00fcsse, jetzt in einer praktischen, verzehrfertigen Form. Ideal als energiereicher Snack f\u00fcr zwischendurch, als knusprige Erg\u00e4nzung zu Salaten, M\u00fcslis oder Backwaren. Mit etwa <b>200g Inhalt<\/b> ist diese Packung perfekt portioniert f\u00fcr den t\u00e4glichen Genuss. Ein <b>True Wild Product<\/b>, das direkt aus den gr\u00f6\u00dften wilden Walnussw\u00e4ldern zu Ihnen kommt \u2013 einfach \u00f6ffnen und genie\u00dfen.<\/p>\n<h2>\ud83d\udcca N\u00e4hrwerttabelle pro 100 g (Gesch\u00e4lte Walnusskerne)<\/h2>\n<p>Mit ca. 680kcal pro 100g sind diese gesch\u00e4lten Walnusskerne ein hochkalorischer, aber nahrhafter Snack, der reich an Fetten (60g) und Eiwei\u00df (15g) ist.<\/p>\n<table>\n<thead>\n<tr>\n<td><strong>N\u00e4hrwert<\/strong><\/td>\n<td><strong>Pro 100 g (Gesch\u00e4tzt, gesch\u00e4lt)<\/strong><\/td>\n<\/tr>\n<\/thead>\n<tbody>\n<tr>\n<td><b>Brennwert<\/b><\/td>\n<td><b><span class=\"math-inline\" data-math=\"approx 2848 text{ kJ} \/ 680 text{ kcal}\">$approx 2848 text{ kJ} \/ 680 text{ kcal}$<\/span><\/b><\/td>\n<\/tr>\n<tr>\n<td>Fett<\/td>\n<td><b><span class=\"math-inline\" data-math=\"approx 60 text{ g}\">$approx 60 text{ g}$<\/span><\/b><\/td>\n<\/tr>\n<tr>\n<td>Kohlenhydrate<\/td>\n<td><span class=\"math-inline\" data-math=\"approx 10 text{ g}\">$approx 10 text{ g}$<\/span><\/td>\n<\/tr>\n<tr>\n<td>Eiwei\u00df (Protein)<\/td>\n<td><b><span class=\"math-inline\" data-math=\"approx 15 text{ g}\">$approx 15 text{ g}$<\/span><\/b><\/td>\n<\/tr>\n<\/tbody>\n<\/table>\n<p>&nbsp;<\/p>\n","protected":false},"excerpt":{"rendered":"<p>Diese bereits gesch\u00e4lten <b>Wild Walnuts<\/b> aus dem weltweit gr\u00f6\u00dften wilden Walnusswald sind ein verzehrfertiges <b>True Wild Product<\/b>, reich an gesunden Fetten und Proteinen, ideal als schneller und nahrhafter Snack.<\/p>\n","protected":false},"featured_media":272,"comment_status":"open","ping_status":"closed","template":"","meta":[],"product_brand":[],"product_cat":[67],"product_tag":[236,238,233,226,229,228,227,231,234,232,237,235,224,225],"class_list":{"0":"post-301","1":"product","2":"type-product","3":"status-publish","4":"has-post-thumbnail","6":"product_cat-feinkost","7":"product_tag-arslanbob-angenommen","8":"product_tag-geschaelt","9":"product_tag-gesunde-fette","10":"product_tag-global-agro","11":"product_tag-in-shell","12":"product_tag-natures-best-gift","13":"product_tag-naturprodukt","14":"product_tag-nuesse","15":"product_tag-proteinreich","16":"product_tag-snack","17":"product_tag-true-wild-product","18":"product_tag-ungesaettigte-fettsaeuren","19":"product_tag-wild-walnut","20":"product_tag-wilde-walnuss","22":"first","23":"instock","24":"taxable","25":"shipping-taxable","26":"purchasable","27":"product-type-simple"},"jetpack_sharing_enabled":true,"_links":{"self":[{"href":"https:\/\/www.aix24.com\/index.php?rest_route=\/wp\/v2\/product\/301","targetHints":{"allow":["GET"]}}],"collection":[{"href":"https:\/\/www.aix24.com\/index.php?rest_route=\/wp\/v2\/product"}],"about":[{"href":"https:\/\/www.aix24.com\/index.php?rest_route=\/wp\/v2\/types\/product"}],"replies":[{"embeddable":true,"href":"https:\/\/www.aix24.com\/index.php?rest_route=%2Fwp%2Fv2%2Fcomments&post=301"}],"wp:featuredmedia":[{"embeddable":true,"href":"https:\/\/www.aix24.com\/index.php?rest_route=\/wp\/v2\/media\/272"}],"wp:attachment":[{"href":"https:\/\/www.aix24.com\/index.php?rest_route=%2Fwp%2Fv2%2Fmedia&parent=301"}],"wp:term":[{"taxonomy":"product_brand","embeddable":true,"href":"https:\/\/www.aix24.com\/index.php?rest_route=%2Fwp%2Fv2%2Fproduct_brand&post=301"},{"taxonomy":"product_cat","embeddable":true,"href":"https:\/\/www.aix24.com\/index.php?rest_route=%2Fwp%2Fv2%2Fproduct_cat&post=301"},{"taxonomy":"product_tag","embeddable":true,"href":"https:\/\/www.aix24.com\/index.php?rest_route=%2Fwp%2Fv2%2Fproduct_tag&post=301"}],"curies":[{"name":"wp","href":"https:\/\/api.w.org\/{rel}","templated":true}]}}